{"id":9,"date":"2015-04-14T19:42:37","date_gmt":"2015-04-01T14:07:21","guid":{"rendered":"http:\/\/downloaddesign.mome.hu\/?page_id=9"},"modified":"2016-04-05T11:50:30","modified_gmt":"2016-04-05T11:50:30","slug":"sajto","status":"publish","type":"page","link":"https:\/\/downloaddesign.hu\/2016\/sajto\/","title":{"rendered":"sajt\u00f3"},"content":{"rendered":"<h1>sajt\u00f3<\/h1>\n<p><a href=\"http:\/\/downloaddesign.hu\/2016\/wp-content\/uploads\/sites\/5\/2016\/04\/DDBaby_sajtokozlemeny_20160329.doc\">sajt\u00f3anyag let\u00f6lt\u00e9se<\/a><\/p>\n","protected":false},"excerpt":{"rendered":"<p>sajt\u00f3 sajt\u00f3anyag let\u00f6lt\u00e9se<\/p>\n","protected":false},"author":1,"featured_media":0,"parent":0,"menu_order":0,"comment_status":"closed","ping_status":"closed","template":"","meta":[],"_links":{"self":[{"href":"https:\/\/downloaddesign.hu\/2016\/wp-json\/wp\/v2\/pages\/9"}],"collection":[{"href":"https:\/\/downloaddesign.hu\/2016\/wp-json\/wp\/v2\/pages"}],"about":[{"href":"https:\/\/downloaddesign.hu\/2016\/wp-json\/wp\/v2\/types\/page"}],"author":[{"embeddable":true,"href":"https:\/\/downloaddesign.hu\/2016\/wp-json\/wp\/v2\/users\/1"}],"replies":[{"embeddable":true,"href":"https:\/\/downloaddesign.hu\/2016\/wp-json\/wp\/v2\/comments?post=9"}],"version-history":[{"count":12,"href":"https:\/\/downloaddesign.hu\/2016\/wp-json\/wp\/v2\/pages\/9\/revisions"}],"predecessor-version":[{"id":2614,"href":"https:\/\/downloaddesign.hu\/2016\/wp-json\/wp\/v2\/pages\/9\/revisions\/2614"}],"wp:attachment":[{"href":"https:\/\/downloaddesign.hu\/2016\/wp-json\/wp\/v2\/media?parent=9"}],"curies":[{"name":"wp","href":"https:\/\/api.w.org\/{rel}","templated":true}]}}