{"id":2265,"date":"2016-09-16T11:56:29","date_gmt":"2015-04-14T12:54:01","guid":{"rendered":"http:\/\/downloaddesign.hu\/2016\/?page_id=2265"},"modified":"2016-04-05T13:14:55","modified_gmt":"2016-04-05T13:14:55","slug":"main","status":"publish","type":"page","link":"https:\/\/downloaddesign.hu\/2016\/","title":{"rendered":"f\u0151oldal"},"content":{"rendered":"<h1 id=\"about\">r\u00f3lunk<\/h1>\n<h2>T\u00f6ltsd le a babaszob\u00e1t! \u2013 Download Design Baby<\/h2>\n<p>A tavalyi OtthonDesign ki\u00e1ll\u00edt\u00e1son nagy sikerrel deb\u00fct\u00e1lt Download Design projekt id\u00e9n is folytat\u00f3dik. Az orsz\u00e1g els\u0151 open design szeml\u00e9let\u0171 b\u00fatoros kezdem\u00e9nyez\u00e9s\u00e9r\u0151l, amelyet a MOME ind\u00edtott, k\u00f6zel 60 cikk sz\u00fcletett \u00e9s a downloaddesign.hu honlapr\u00f3l t\u00f6bb, mint kilencsz\u00e1zszor t\u00f6lt\u00f6tt\u00e9k le a 13 b\u00fator ingyenes gy\u00e1rtm\u00e1nyrajzait. (A legn\u00e9pszer\u0171bb mob\u00edlia let\u00f6lt\u00e9se jelenleg 150 f\u00f6l\u00f6tt j\u00e1r.) A tervek szerint t\u00f6bb \u00e9ven kereszt\u00fcl zajl\u00f3 Download Design kezdem\u00e9nyez\u00e9s c\u00e9lja, hogy a felhaszn\u00e1l\u00f3 az open design szellem\u00e9ben olyan ingyenesen let\u00f6lthet\u0151 design b\u00fator gy\u00e1rtm\u00e1nyrajzokhoz \/ kiviteli tervekhez jusson, amelyek magyar asztalosipari k\u00f6r\u00fclm\u00e9nyek k\u00f6z\u00f6tt k\u00f6nnyen megval\u00f3s\u00edthat\u00f3k \u00e9s meg is fizethet\u0151k.<\/p>\n<p>A k\u00f6z\u00f6ss\u00e9gi szeml\u00e9let\u0171 open design mozgalom a tud\u00e1smegoszt\u00e1s \u00faj form\u00e1ja. Az \u00f6kol\u00f3giai, t\u00e1rsadalmi \u00e9s gazdas\u00e1gi fenntarthat\u00f3s\u00e1g jegy\u00e9ben a designer eddigi exkluz\u00edv tud\u00e1sa az Internet seg\u00edts\u00e9g\u00e9vel k\u00f6zkinccs\u00e9 v\u00e1lik. Az open design projektekben a fogyaszt\u00e1s helyett a megoszt\u00e1sra helyez\u0151dik a hangs\u00faly, mivel az igazi j\u00f3l\u00e9tet \u2013 meggy\u0151z\u0151d\u00e9s\u00fck szerint\u2013 nem a fogyaszt\u00e1s hozza el, hanem az egy\u00fcttm\u0171k\u00f6d\u00e9s r\u00e9v\u00e9n \u00e9rhetj\u00fck el, teremthetj\u00fck meg.<\/p>\n<p>Az open design szlogenje nem az olcs\u00f3s\u00e1g, hanem az el\u00e9rhet\u0151s\u00e9g. A Download Design projekt is a lehet\u0151 legt\u00f6bb ember sz\u00e1m\u00e1ra szeretne el\u00e9rhet\u0151v\u00e9 tenni valamit, jelen esetben designb\u00fatorokat (gy\u00e1rtm\u00e1nyrajzokat), ezzel demokratiz\u00e1lva a tud\u00e1s, a javak \u00e9s az er\u0151forr\u00e1sok eloszt\u00e1s\u00e1t \u00e9s megszerezhet\u0151s\u00e9get. Az open design egyszer\u0171en igazs\u00e1gosabb, m\u00e9lt\u00e1nyosabb viszonyokat pr\u00f3b\u00e1l teremteni, az eddigiekn\u00e9l j\u00f3val hat\u00e9konyabb hozz\u00e1f\u00e9r\u00e9ssel\/el\u00e9r\u00e9ssel; teszi mindezt egy boldogabb, igazs\u00e1gosabb vil\u00e1g rem\u00e9ny\u00e9ben.<\/p>\n<p>M\u00edg 2015-ben az els\u0151 \u00f6n\u00e1ll\u00f3 otthon volt a tematika, id\u00e9n az els\u0151 gyerek \u00e9rkez\u00e9se ker\u00fclt a tervez\u0151k figyelm\u00e9nek k\u00f6z\u00e9ppontj\u00e1ba, a projekt aktu\u00e1lis c\u00edme ez\u00e9rt lett Download Design Baby. 2016-ban 11 b\u00fator sz\u00fcletett, kimondottan a 0\u20133 \u00e9ves koroszt\u00e1ly sz\u00e1m\u00e1ra, a babaszoba berendez\u00e9sek\u00e9nt. A t\u00f6bbf\u00e9le funkci\u00f3t is \u00f6tv\u00f6z\u0151 designer darabok k\u00f6z\u00f6tt b\u00f6lcs\u0151, kis\u00e1gy, etet\u0151sz\u00e9k, kisaut\u00f3, gyerekj\u00e1t\u00e9k, s\u0151t m\u00e1sz\u00f3ka is tal\u00e1lhat\u00f3.<br \/>\nA sz\u00e9les \u00e1gazati \u00f6sszefog\u00e1ssal megval\u00f3sul\u00f3 Download Design projekttel mindenki nyer. A felhaszn\u00e1l\u00f3k ingyenes b\u00fatortervekhez juthatnak, \u00e9s az \u00e1tlagos hazai asztalosipari k\u00f6r\u00fclm\u00e9nyek k\u00f6z\u00f6tt vagy ak\u00e1r az otthoni m\u0171hely\u00fckben megval\u00f3s\u00edthat\u00f3 b\u00fatoraikat re\u00e1lis \u00e1ron gy\u00e1rthatj\u00e1k le. (A szervez\u0151k 2016-ban 50 ezer forintban maximaliz\u00e1lt\u00e1k a b\u00fatorok alapanyagk\u00f6lts\u00e9g\u00e9t, de ez sz\u00e1mos esetben m\u00e9g a 15 ezer forintot sem \u00e9ri el.) A felhaszn\u00e1l\u00f3knak nem kell sz\u00e1molniuk csomagol\u00e1si \u00e9s marketingk\u00f6lts\u00e9ggel, sz\u00e1ll\u00edt\u00e1si d\u00edjjal, de keresked\u0151i haszonkulccsal sem. Mindemellett a helyi v\u00e1llalkoz\u00e1sokat er\u0151s\u00edtik, hiszen a lok\u00e1lis er\u0151forr\u00e1sokra, alapanyagokra t\u00e1maszkodnak; ezzel nem puszt\u00e1n a hullad\u00e9ktermel\u00e9st \u00e9s a k\u00f6rnyezetszennyez\u00e9st cs\u00f6kkentik, de az open design szolg\u00e1ltat\u00e1sok ig\u00e9nybev\u00e9tel\u00e9vel az \u00f6kol\u00f3giai l\u00e1bnyomukat is optimaliz\u00e1lj\u00e1k.<br \/>\nDe nem csak a felhaszn\u00e1l\u00f3k \u00e9s a lok\u00e1lis m\u0171helyek tekinthet\u0151k e projekt nyerteseinek, hanem a tud\u00e1sukat a nagyk\u00f6z\u00f6ns\u00e9ggel megoszt\u00f3 tervez\u0151k, a Moholy-Nagy M\u0171v\u00e9szeti Egyetem (MOME) hallgat\u00f3i is. Egyr\u00e9szt konkr\u00e9t visszajelz\u00e9seket kapnak a felhaszn\u00e1l\u00f3kt\u00f3l like-ok \u00e9s let\u00f6lt\u00e9sek form\u00e1j\u00e1ban, m\u00e1sr\u00e9szt az egyetemi t\u00e9mavezet\u0151kkel \u00e9s a protot\u00edpust kivitelez\u0151 asztalosipari partnerrel zajl\u00f3 konzult\u00e1ci\u00f3k sor\u00e1n elsaj\u00e1t\u00edtj\u00e1k a b\u00fatortervez\u00e9s mik\u00e9ntj\u00e9t.<\/p>\n<p>Ez ut\u00f3bbiak a B\u00fatorsz\u00f6vets\u00e9g tagjak\u00e9nt v\u00e1llalt\u00e1k, hogy szakmai partnerk\u00e9nt \u00e1llnak a hallgat\u00f3k mellett, megismertetik \u0151ket az asztalosipari technol\u00f3gi\u00e1kkal \u00e9s \u00fczem\u00fck, m\u0171hely\u00fck m\u0171k\u00f6d\u00e9s\u00e9vel, illetve hogy saj\u00e1t k\u00f6lts\u00e9g\u00fck\u00f6n, ak\u00e1r t\u00f6bb p\u00e9ld\u00e1nyban legy\u00e1rtj\u00e1k a b\u00fatorokat. A progressz\u00edv szeml\u00e9let\u0171 egy\u00fcttm\u0171k\u00f6d\u00e9si forma tov\u00e1bbi, el\u0151remutat\u00f3 hozad\u00e9ka, hogy n\u0151 az \u00e1gazati szerepl\u0151k k\u00f6zti bizalom, elindul egy p\u00e1rbesz\u00e9d, valamint hossz\u00fa t\u00e1v\u00fa partnerkapcsolatok \u00e9p\u00fclnek ki; ezek a szinergi\u00e1k pedig egy\u00fcttesen a magyar b\u00fatoripar fejl\u0151d\u00e9s\u00e9hez \u00e9s versenyk\u00e9pess\u00e9g\u00e9nek er\u0151s\u00f6d\u00e9s\u00e9hez vezetnek.<\/p>\n<p><a href=\"www.downloaddesign.hu\">www.downloaddesign.hu<\/a><\/p>\n<p>Helysz\u00edn: Construma\u2013OtthonDesign szakki\u00e1ll\u00edt\u00e1s, G pavilon, 405A stand<\/p>\n<p>Egy\u00fcttm\u0171k\u00f6d\u0151 partnerek:<br \/>\n<a href=\"http:\/\/mome.hu\" target=\"_blank\">Moholy-Nagy M\u0171v\u00e9szeti Egyetem<\/a><br \/>\n<a href=\"http:\/\/www.butorszovetseg.hu\/\" target=\"_blank\">B\u00fatorsz\u00f6vets\u00e9g<\/a><br \/>\n<a href=\"http:\/\/otthon-design.hu\/\">Hungexpo \u2013 OtthonDesign ki\u00e1ll\u00edt\u00e1s<\/a><\/p>\n<p>Projektvezet\u0151\u2013kur\u00e1tor:<br \/>\nHalasi Rita M\u00e1ria (designszak\u00e9rt\u0151)<\/p>\n<p>T\u00e9mavezet\u0151 tan\u00e1rok (b\u00fatortervez\u00e9s):<br \/>\nJuh\u00e1sz Istv\u00e1n (DLA, egyetemi adjunktus, MOME)<br \/>\nKer\u00e9kgy\u00e1rt\u00f3 Andr\u00e1s (egyetemi tan\u00e1rseg\u00e9d, MOME)<\/p>\n<p>Pszichol\u00f3gus szak\u00e9rt\u0151:<br \/>\nJablonkai Anna, pszichol\u00f3gus-szomatopedag\u00f3gus<\/p>\n<p>B\u00fatortervez\u0151k (MOME hallgat\u00f3k):<br \/>\nBaki \u00c1ron, B\u00f3di Gerg\u0151, Ken\u00e9z S\u00e1ra, Kir\u00e1ly Adrienn, K\u0151m\u0171ves M\u00e1rton, Lakatos Botond, L\u00e9vai Levente, Nagy Franciska, Oll\u00e9 Gell\u00e9rt, Papp \u00c1gnes, P\u00e9ni Brigitta<\/p>\n<p>Asztalosipari konzulensek, kivitelez\u0151k:<br \/>\nArden Design Kft., \u00c1rkossy B\u00fator Kft., Garzon B\u00fator Zrt., Kanizsa K\u00e1rpit Kft., Karrier B\u00fator Kft., Katona Manufakt\u00fara, BKSZC\u2212Kozma Lajos Faipari Szakk\u00f6z\u00e9piskola, Ligeti Design Kft., S\u0151regi Mester Kft.; Varkoly Fiai Kft.<\/p>\n<p>Arculattervez\u0151k (MOME hallgat\u00f3k):<br \/>\nBoromissza Katalin \u00e9s Cs\u00e1sz\u00e1r Adrienn<\/p>\n<p><a href=\"http:\/\/downloaddesign.hu\/2016\/wp-content\/uploads\/sites\/5\/2015\/04\/2016slider_04.jpg\"><img loading=\"lazy\" class=\" size-full wp-image-2612 alignleft\" src=\"http:\/\/downloaddesign.hu\/2016\/wp-content\/uploads\/sites\/5\/2015\/04\/2016slider_04.jpg\" alt=\"2016slider_04\" width=\"1920\" height=\"1280\" srcset=\"https:\/\/downloaddesign.hu\/2016\/wp-content\/uploads\/sites\/5\/2015\/04\/2016slider_04.jpg 1920w, https:\/\/downloaddesign.hu\/2016\/wp-content\/uploads\/sites\/5\/2015\/04\/2016slider_04-300x200.jpg 300w, https:\/\/downloaddesign.hu\/2016\/wp-content\/uploads\/sites\/5\/2015\/04\/2016slider_04-1024x683.jpg 1024w\" sizes=\"(max-width: 1920px) 100vw, 1920px\" \/><\/a><\/p>\n<p>&nbsp;<\/p>\n<h1 id=\"partners\">partnerek<\/h1>\n<table width=\"810\">\n<tbody>\n<tr>\n<td style=\"width: 160px;\"><img loading=\"lazy\" class=\"aligncenter size-full wp-image-18\" src=\"http:\/\/downloaddesign.hu\/2016\/wp-content\/uploads\/sites\/5\/2015\/04\/mome_cmyk1.png\" alt=\"mome logo\" width=\"118\" height=\"28\" \/><\/td>\n<td style=\"height: 80px;\"><span style=\"font-size: 20px;\">Moholy-Nagy M\u0171v\u00e9szeti Egyetem<\/span><br \/>\n<a href=\"http:\/\/www.mome.hu\/hu\/\">www.mome.hu<\/a><\/td>\n<\/tr>\n<tr>\n<td>\u00a0<img loading=\"lazy\" class=\"aligncenter size-full wp-image-2508\" src=\"http:\/\/downloaddesign.hu\/2016\/wp-content\/uploads\/sites\/5\/2015\/04\/photo.PNG-11.jpg\" alt=\"photo.PNG-1\" width=\"97\" height=\"52\" \/><\/td>\n<td><span style=\"font-size: 20px;\">B\u00fatorsz\u00f6vets\u00e9g<\/span><br \/>\n<a href=\"http:\/\/www.butorszovetseg.hu\/\">www.butorszovetseg.hu<\/a><\/td>\n<\/tr>\n<tr>\n<td>\u00a0<img loading=\"lazy\" class=\"aligncenter size-full wp-image-2505\" src=\"http:\/\/downloaddesign.hu\/2016\/wp-content\/uploads\/sites\/5\/2015\/04\/OthonDesign.jpg\" alt=\"OthonDesign.indd\" width=\"110\" height=\"28\" \/><\/td>\n<td><span style=\"font-size: 20px;\">Hungexpo \u2212 OtthonDesign ki\u00e1ll\u00edt\u00e1s<\/span><br \/>\n<a href=\"http:\/\/otthon-design.hu\/\">www.otthon-design.hu<br \/>\n<\/a><\/td>\n<\/tr>\n<\/tbody>\n<\/table>\n<h1 id=\"products\">b\u00fatorok<\/h1>\n","protected":false},"excerpt":{"rendered":"<p>r\u00f3lunk T\u00f6ltsd le a babaszob\u00e1t! \u2013 Download Design Baby A tavalyi OtthonDesign ki\u00e1ll\u00edt\u00e1son nagy sikerrel deb\u00fct\u00e1lt Download Design projekt id\u00e9n is folytat\u00f3dik. Az orsz\u00e1g els\u0151 open design szeml\u00e9let\u0171 b\u00fatoros kezdem\u00e9nyez\u00e9s\u00e9r\u0151l, amelyet a MOME ind\u00edtott, k\u00f6zel 60 cikk sz\u00fcletett \u00e9s a downloaddesign.hu honlapr\u00f3l t\u00f6bb, mint kilencsz\u00e1zszor t\u00f6lt\u00f6tt\u00e9k le a 13 b\u00fator ingyenes gy\u00e1rtm\u00e1nyrajzait. (A legn\u00e9pszer\u0171bb mob\u00edlia [&hellip;]<\/p>\n","protected":false},"author":1,"featured_media":0,"parent":0,"menu_order":0,"comment_status":"closed","ping_status":"closed","template":"template-portfolio.php","meta":[],"_links":{"self":[{"href":"https:\/\/downloaddesign.hu\/2016\/wp-json\/wp\/v2\/pages\/2265"}],"collection":[{"href":"https:\/\/downloaddesign.hu\/2016\/wp-json\/wp\/v2\/pages"}],"about":[{"href":"https:\/\/downloaddesign.hu\/2016\/wp-json\/wp\/v2\/types\/page"}],"author":[{"embeddable":true,"href":"https:\/\/downloaddesign.hu\/2016\/wp-json\/wp\/v2\/users\/1"}],"replies":[{"embeddable":true,"href":"https:\/\/downloaddesign.hu\/2016\/wp-json\/wp\/v2\/comments?post=2265"}],"version-history":[{"count":21,"href":"https:\/\/downloaddesign.hu\/2016\/wp-json\/wp\/v2\/pages\/2265\/revisions"}],"predecessor-version":[{"id":2657,"href":"https:\/\/downloaddesign.hu\/2016\/wp-json\/wp\/v2\/pages\/2265\/revisions\/2657"}],"wp:attachment":[{"href":"https:\/\/downloaddesign.hu\/2016\/wp-json\/wp\/v2\/media?parent=2265"}],"curies":[{"name":"wp","href":"https:\/\/api.w.org\/{rel}","templated":true}]}}