{"id":2046,"date":"2015-04-14T19:29:57","date_gmt":"2015-04-05T17:48:36","guid":{"rendered":"http:\/\/downloaddesign.mome.hu\/?page_id=2046"},"modified":"2017-04-04T17:27:42","modified_gmt":"2017-04-04T17:27:42","slug":"kapcsolat","status":"publish","type":"page","link":"https:\/\/downloaddesign.hu\/2016\/kapcsolat\/","title":{"rendered":"kapcsolat"},"content":{"rendered":"<h1>kapcsolat<\/h1>\n<p><em>Halasi Rita M\u00e1ria<\/em><br \/>\n<a href=\"mailto:halasi.rita.maria@gmail.com\">halasi.rita.maria@gmail.com<\/a><\/p>\n<div role=\"form\" class=\"wpcf7\" id=\"wpcf7-f2083-o1\" lang=\"hu-HU\" dir=\"ltr\">\n<div class=\"screen-reader-response\"><p role=\"status\" aria-live=\"polite\" aria-atomic=\"true\"><\/p> <ul><\/ul><\/div>\n<form action=\"\/2016\/wp-json\/wp\/v2\/pages\/2046#wpcf7-f2083-o1\" method=\"post\" class=\"wpcf7-form init\" novalidate=\"novalidate\" data-status=\"init\">\n<div style=\"display: none;\">\n<input type=\"hidden\" name=\"_wpcf7\" value=\"2083\" \/>\n<input type=\"hidden\" name=\"_wpcf7_version\" value=\"5.4.1\" \/>\n<input type=\"hidden\" name=\"_wpcf7_locale\" value=\"hu_HU\" \/>\n<input type=\"hidden\" name=\"_wpcf7_unit_tag\" value=\"wpcf7-f2083-o1\" \/>\n<input type=\"hidden\" name=\"_wpcf7_container_post\" value=\"0\" \/>\n<input type=\"hidden\" name=\"_wpcf7_posted_data_hash\" value=\"\" \/>\n<\/div>\n<p>N\u00e9v (k\u00f6telez\u0151)<br \/>\n    <span class=\"wpcf7-form-control-wrap your-name\"><input type=\"text\" name=\"your-name\" value=\"\" size=\"40\" class=\"wpcf7-form-control wpcf7-text wpcf7-validates-as-required\" aria-required=\"true\" aria-invalid=\"false\" \/><\/span> <\/p>\n<p>Email c\u00edm (k\u00f6telez\u0151)<br \/>\n    <span class=\"wpcf7-form-control-wrap your-email\"><input type=\"email\" name=\"your-email\" value=\"\" size=\"40\" class=\"wpcf7-form-control wpcf7-text wpcf7-email wpcf7-validates-as-required wpcf7-validates-as-email\" aria-required=\"true\" aria-invalid=\"false\" \/><\/span> <\/p>\n<p>T\u00e1rgy<br \/>\n    <span class=\"wpcf7-form-control-wrap your-subject\"><input type=\"text\" name=\"your-subject\" value=\"\" size=\"40\" class=\"wpcf7-form-control wpcf7-text\" aria-invalid=\"false\" \/><\/span> <\/p>\n<p>\u00dczenet<br \/>\n    <span class=\"wpcf7-form-control-wrap your-message\"><textarea name=\"your-message\" cols=\"40\" rows=\"10\" class=\"wpcf7-form-control wpcf7-textarea\" aria-invalid=\"false\"><\/textarea><\/span> <\/p>\n<p><input type=\"hidden\" name=\"_wpcf7_captcha_challenge_captcha-478\" value=\"3615968589\" \/><img class=\"wpcf7-form-control wpcf7-captchac wpcf7-captcha-captcha-478\" width=\"72\" height=\"24\" alt=\"captcha\" src=\"https:\/\/downloaddesign.hu\/2016\/wp-content\/uploads\/sites\/5\/wpcf7_captcha\/3615968589.png\" \/><br \/>\n<span class=\"wpcf7-form-control-wrap captcha-478\"><input type=\"text\" name=\"captcha-478\" value=\"\" size=\"40\" class=\"wpcf7-form-control wpcf7-captchar\" autocomplete=\"off\" aria-invalid=\"false\" \/><\/span><\/p>\n<p><input type=\"submit\" value=\"k\u00fcld\u00e9s\" class=\"wpcf7-form-control wpcf7-submit\" \/><\/p>\n<div class=\"wpcf7-response-output\" aria-hidden=\"true\"><\/div><\/form><\/div>\n","protected":false},"excerpt":{"rendered":"<p>kapcsolat Halasi Rita M\u00e1ria halasi.rita.maria@gmail.com<\/p>\n","protected":false},"author":1,"featured_media":0,"parent":0,"menu_order":0,"comment_status":"closed","ping_status":"closed","template":"","meta":[],"_links":{"self":[{"href":"https:\/\/downloaddesign.hu\/2016\/wp-json\/wp\/v2\/pages\/2046"}],"collection":[{"href":"https:\/\/downloaddesign.hu\/2016\/wp-json\/wp\/v2\/pages"}],"about":[{"href":"https:\/\/downloaddesign.hu\/2016\/wp-json\/wp\/v2\/types\/page"}],"author":[{"embeddable":true,"href":"https:\/\/downloaddesign.hu\/2016\/wp-json\/wp\/v2\/users\/1"}],"replies":[{"embeddable":true,"href":"https:\/\/downloaddesign.hu\/2016\/wp-json\/wp\/v2\/comments?post=2046"}],"version-history":[{"count":8,"href":"https:\/\/downloaddesign.hu\/2016\/wp-json\/wp\/v2\/pages\/2046\/revisions"}],"predecessor-version":[{"id":2740,"href":"https:\/\/downloaddesign.hu\/2016\/wp-json\/wp\/v2\/pages\/2046\/revisions\/2740"}],"wp:attachment":[{"href":"https:\/\/downloaddesign.hu\/2016\/wp-json\/wp\/v2\/media?parent=2046"}],"curies":[{"name":"wp","href":"https:\/\/api.w.org\/{rel}","templated":true}]}}