{"id":9,"date":"2015-04-14T19:42:37","date_gmt":"2015-04-01T14:07:21","guid":{"rendered":"http:\/\/downloaddesign.mome.hu\/?page_id=9"},"modified":"2015-04-14T19:41:54","modified_gmt":"2015-04-14T19:41:54","slug":"sajto","status":"publish","type":"page","link":"https:\/\/downloaddesign.hu\/2015\/sajto\/","title":{"rendered":"sajt\u00f3"},"content":{"rendered":"<h1>sajt\u00f3<\/h1>\n<p><a href=\"http:\/\/downloaddesign.hu\/2015\/wp-content\/uploads\/sites\/4\/dlm_uploads\/2015\/04\/DD_sajtokozlemeny_0412.doc\">sajt\u00f3anyag let\u00f6lt\u00e9se<\/a><\/p>\n","protected":false},"excerpt":{"rendered":"<p>sajt\u00f3 sajt\u00f3anyag let\u00f6lt\u00e9se<\/p>\n","protected":false},"author":1,"featured_media":0,"parent":0,"menu_order":0,"comment_status":"closed","ping_status":"closed","template":"","meta":[],"_links":{"self":[{"href":"https:\/\/downloaddesign.hu\/2015\/wp-json\/wp\/v2\/pages\/9"}],"collection":[{"href":"https:\/\/downloaddesign.hu\/2015\/wp-json\/wp\/v2\/pages"}],"about":[{"href":"https:\/\/downloaddesign.hu\/2015\/wp-json\/wp\/v2\/types\/page"}],"author":[{"embeddable":true,"href":"https:\/\/downloaddesign.hu\/2015\/wp-json\/wp\/v2\/users\/1"}],"replies":[{"embeddable":true,"href":"https:\/\/downloaddesign.hu\/2015\/wp-json\/wp\/v2\/comments?post=9"}],"version-history":[{"count":11,"href":"https:\/\/downloaddesign.hu\/2015\/wp-json\/wp\/v2\/pages\/9\/revisions"}],"predecessor-version":[{"id":2439,"href":"https:\/\/downloaddesign.hu\/2015\/wp-json\/wp\/v2\/pages\/9\/revisions\/2439"}],"wp:attachment":[{"href":"https:\/\/downloaddesign.hu\/2015\/wp-json\/wp\/v2\/media?parent=9"}],"curies":[{"name":"wp","href":"https:\/\/api.w.org\/{rel}","templated":true}]}}