{"id":2265,"date":"2015-04-14T16:25:15","date_gmt":"2015-04-14T12:54:01","guid":{"rendered":"http:\/\/downloaddesign.hu\/2015\/?page_id=2265"},"modified":"2015-04-14T22:56:20","modified_gmt":"2015-04-14T22:56:20","slug":"main","status":"publish","type":"page","link":"https:\/\/downloaddesign.hu\/2015\/","title":{"rendered":"f\u0151oldal"},"content":{"rendered":"<h1 id=\"about\">r\u00f3lunk<\/h1>\n<h2>T\u00f6ltsd le az otthonod!<\/h2>\n<p>A Moholy-Nagy M\u0171v\u00e9szeti Egyetem, a B\u00fatorsz\u00f6vets\u00e9g \u00e9s a Hungexpo egy\u00fcttm\u0171k\u00f6d\u00e9s\u00e9ben megval\u00f3sul\u00f3 <strong>Download Design<\/strong> projekt a designerek, a kivitelez\u0151k \u00e9s a felhaszn\u00e1l\u00f3k k\u00f6z\u00f6tt a hagyom\u00e1nyost\u00f3l elt\u00e9r\u0151 egy\u00fcttm\u0171k\u00f6d\u00e9st kezdem\u00e9nyez. A designer a kivitelez\u0151 (jelen esetben az asztalosipari szakember) seg\u00edts\u00e9g\u00e9vel ingyenesen osztja meg szaktud\u00e1sa \u00e9s kreativit\u00e1sa v\u00e9geredm\u00e9ny\u00e9t a nagyk\u00f6z\u00f6ns\u00e9ggel.<\/p>\n<p>A Moholy-Nagy M\u0171v\u00e9szeti Egyetem alapvet\u0151 c\u00e9lja mellett mindig fontos szerephez jutott a design t\u00e1rsadalmas\u00edt\u00e1sa. A MOME a designkult\u00fara el\u00e9rhet\u0151bb\u00e9 t\u00e9tele mellett, a design ir\u00e1nti \u00e9rdekl\u0151d\u00e9s \u00e9s ig\u00e9nyess\u00e9g kialakul\u00e1s\u00e1t is t\u00e1mogatja. A projektben val\u00f3 r\u00e9szv\u00e9tel a hallgat\u00f3k sz\u00e1m\u00e1ra a megval\u00f3s\u00edt\u00e1s tapasztalat\u00e1t, az ad\u00e1s, a megoszt\u00e1s \u00f6r\u00f6m\u00e9t \u00e9s siker\u00e9t adta. A MOME \u00e1ltal kezdem\u00e9nyezett <strong>Download Design<\/strong> Magyarorsz\u00e1g els\u0151 <em>open design<\/em> projektje. Az egy\u00fcttm\u0171k\u00f6d\u00e9s c\u00e9lja, hogy a felhaszn\u00e1l\u00f3 a kort\u00e1rs <em>open design <\/em>megold\u00e1sok szellem\u00e9ben olyan ingyenesen let\u00f6lthet\u0151 design b\u00fator gy\u00e1rtm\u00e1nyrajzaihoz \/ kiviteli terveihez jusson, amelyek magyar asztalosipari k\u00f6r\u00fclm\u00e9nyek k\u00f6z\u00f6tt k\u00f6nnyen megval\u00f3s\u00edthat\u00f3k \u00e9s meg is fizethet\u0151k.<\/p>\n<p>A k\u00f6z\u00f6ss\u00e9gi szeml\u00e9let\u0171 <em>open design<\/em> mozgalom a tud\u00e1smegoszt\u00e1s \u00faj form\u00e1ja. Az \u00f6kol\u00f3giai, t\u00e1rsadalmi \u00e9s gazdas\u00e1gi fenntarthat\u00f3s\u00e1g jegy\u00e9ben a designer eddigi exkluz\u00edv tud\u00e1sa az Internet seg\u00edts\u00e9g\u00e9vel k\u00f6zkinccs\u00e9 v\u00e1lik. Az <em>open design<\/em> projektekben a fogyaszt\u00e1s helyett az egy\u00fcttm\u0171k\u00f6d\u00e9sre \u00e9s a megoszt\u00e1sra helyez\u0151dik a hangs\u00faly.<\/p>\n<p>Terveink szerint a projekt t\u00f6bb \u00e9ven kereszt\u00fcl zajlik, minden \u00e9vben meghat\u00e1rozott tematik\u00e1val. 2015-ben, az indul\u00e1skor \u201e<em>Az els\u0151 otthonom\u201d <\/em>volt a k\u00f6zponti gondolat. Az egyetem hallgat\u00f3i olyan b\u00fatorokat terveztek, amelyek szerint\u00fck a leghasznosabbak az \u00f6n\u00e1ll\u00f3, feln\u0151tt \u00e9let kezdetekor. A di\u00e1kok faipari konzult\u00e1ci\u00f3s partnerei \u00e9s a ki\u00e1ll\u00edt\u00e1son l\u00e1that\u00f3 b\u00fatorok kivitelez\u0151i \u00f6nk\u00e9nt jelentkez\u0151 magyar asztalosipari c\u00e9gek voltak. Az \u00fczemek r\u00e9szv\u00e9tel\u00e9t a projektben a B\u00fatorsz\u00f6vets\u00e9g szervezte \u00e9s koordin\u00e1lta, valamint az elk\u00e9sz\u00fclt munk\u00e1k kivitelez\u00e9si k\u00f6lts\u00e9geit a sz\u00f6vets\u00e9gi tagok \u00e1llt\u00e1k. A Hungexpo\u2212OtthonDesign ki\u00e1ll\u00edt\u00e1s mint egy\u00fcttm\u0171k\u00f6d\u0151 partner standdal \u00e9s kommunik\u00e1ci\u00f3s fel\u00fcletekkel t\u00e1mogatta a projekt megval\u00f3sul\u00e1s\u00e1t.<br \/>\nA ki\u00e1ll\u00edt\u00e1s z\u00e1r\u00e1sa ut\u00e1n a b\u00fatorokat j\u00f3t\u00e9kony c\u00e9lra aj\u00e1nljuk fel.<\/p>\n<p>Egy\u00fcttm\u0171k\u00f6d\u0151 partnerek:<br \/>\n<a href=\"http:\/\/mome.hu\" target=\"_blank\">Moholy-Nagy M\u0171v\u00e9szeti Egyetem<\/a><br \/>\n<a href=\"http:\/\/www.butorszovetseg.hu\/\" target=\"_blank\">B\u00fatorsz\u00f6vets\u00e9g<\/a><br \/>\n<a href=\"http:\/\/otthon-design.hu\/\">Hungexpo \u2013 OtthonDesign ki\u00e1ll\u00edt\u00e1s<\/a><\/p>\n<p>Projektvezet\u0151\u2013kur\u00e1tor:<br \/>\nHalasi Rita M\u00e1ria (rektori megb\u00edzott, MOME)<\/p>\n<p>T\u00e9mavezet\u0151 tan\u00e1r (b\u00fatortervez\u00e9s):<br \/>\nJuh\u00e1sz Istv\u00e1n (DLA, egyetemi adjunktus, MOME)<\/p>\n<p><img loading=\"lazy\" class=\"alignleft size-full wp-image-2486\" src=\"http:\/\/downloaddesign.hu\/2015\/wp-content\/uploads\/sites\/4\/2015\/04\/DSC04935-copy.jpg\" alt=\"DSC04935\" width=\"1920\" height=\"1280\" srcset=\"https:\/\/downloaddesign.hu\/2015\/wp-content\/uploads\/sites\/4\/2015\/04\/DSC04935-copy.jpg 1920w, https:\/\/downloaddesign.hu\/2015\/wp-content\/uploads\/sites\/4\/2015\/04\/DSC04935-copy-300x200.jpg 300w, https:\/\/downloaddesign.hu\/2015\/wp-content\/uploads\/sites\/4\/2015\/04\/DSC04935-copy-1024x683.jpg 1024w\" sizes=\"(max-width: 1920px) 100vw, 1920px\" \/><\/p>\n<h1 id=\"partners\">partnerek<\/h1>\n<table width=\"810\">\n<tbody>\n<tr>\n<td style=\"width: 160px;\"><img loading=\"lazy\" class=\"aligncenter size-full wp-image-18\" src=\"http:\/\/downloaddesign.hu\/2015\/wp-content\/uploads\/sites\/4\/2015\/04\/mome_cmyk1.png\" alt=\"mome logo\" width=\"118\" height=\"28\" \/><\/td>\n<td style=\"height: 80px;\"><span style=\"font-size: 20px;\">Moholy-Nagy M\u0171v\u00e9szeti Egyetem<\/span><br \/>\n<a href=\"http:\/\/www.mome.hu\/hu\/\">www.mome.hu<\/a><\/td>\n<\/tr>\n<tr>\n<td>\u00a0<img loading=\"lazy\" class=\"aligncenter size-full wp-image-2508\" src=\"http:\/\/downloaddesign.hu\/2015\/wp-content\/uploads\/sites\/4\/2015\/04\/photo.PNG-11.jpg\" alt=\"photo.PNG-1\" width=\"97\" height=\"52\" \/><\/td>\n<td><span style=\"font-size: 20px;\">B\u00fatorsz\u00f6vets\u00e9g<\/span><br \/>\n<a href=\"http:\/\/www.butorszovetseg.hu\/\">www.butorszovetseg.hu<\/a><\/td>\n<\/tr>\n<tr>\n<td>\u00a0<img loading=\"lazy\" class=\"aligncenter size-full wp-image-2505\" src=\"http:\/\/downloaddesign.hu\/2015\/wp-content\/uploads\/sites\/4\/2015\/04\/OthonDesign.jpg\" alt=\"OthonDesign.indd\" width=\"110\" height=\"28\" \/><\/td>\n<td><span style=\"font-size: 20px;\">Hungexpo \u2212 OtthonDesign ki\u00e1ll\u00edt\u00e1s<\/span><br \/>\n<a href=\"http:\/\/otthon-design.hu\/\">www.otthon-design.hu<br \/>\n<\/a><\/td>\n<\/tr>\n<\/tbody>\n<\/table>\n<h1 id=\"products\">b\u00fatorok<\/h1>\n","protected":false},"excerpt":{"rendered":"<p>r\u00f3lunk T\u00f6ltsd le az otthonod! A Moholy-Nagy M\u0171v\u00e9szeti Egyetem, a B\u00fatorsz\u00f6vets\u00e9g \u00e9s a Hungexpo egy\u00fcttm\u0171k\u00f6d\u00e9s\u00e9ben megval\u00f3sul\u00f3 Download Design projekt a designerek, a kivitelez\u0151k \u00e9s a felhaszn\u00e1l\u00f3k k\u00f6z\u00f6tt a hagyom\u00e1nyost\u00f3l elt\u00e9r\u0151 egy\u00fcttm\u0171k\u00f6d\u00e9st kezdem\u00e9nyez. A designer a kivitelez\u0151 (jelen esetben az asztalosipari szakember) seg\u00edts\u00e9g\u00e9vel ingyenesen osztja meg szaktud\u00e1sa \u00e9s kreativit\u00e1sa v\u00e9geredm\u00e9ny\u00e9t a nagyk\u00f6z\u00f6ns\u00e9ggel. A Moholy-Nagy M\u0171v\u00e9szeti Egyetem [&hellip;]<\/p>\n","protected":false},"author":1,"featured_media":0,"parent":0,"menu_order":0,"comment_status":"closed","ping_status":"closed","template":"template-portfolio.php","meta":[],"_links":{"self":[{"href":"https:\/\/downloaddesign.hu\/2015\/wp-json\/wp\/v2\/pages\/2265"}],"collection":[{"href":"https:\/\/downloaddesign.hu\/2015\/wp-json\/wp\/v2\/pages"}],"about":[{"href":"https:\/\/downloaddesign.hu\/2015\/wp-json\/wp\/v2\/types\/page"}],"author":[{"embeddable":true,"href":"https:\/\/downloaddesign.hu\/2015\/wp-json\/wp\/v2\/users\/1"}],"replies":[{"embeddable":true,"href":"https:\/\/downloaddesign.hu\/2015\/wp-json\/wp\/v2\/comments?post=2265"}],"version-history":[{"count":17,"href":"https:\/\/downloaddesign.hu\/2015\/wp-json\/wp\/v2\/pages\/2265\/revisions"}],"predecessor-version":[{"id":2521,"href":"https:\/\/downloaddesign.hu\/2015\/wp-json\/wp\/v2\/pages\/2265\/revisions\/2521"}],"wp:attachment":[{"href":"https:\/\/downloaddesign.hu\/2015\/wp-json\/wp\/v2\/media?parent=2265"}],"curies":[{"name":"wp","href":"https:\/\/api.w.org\/{rel}","templated":true}]}}