{"id":13,"date":"2015-04-14T19:41:07","date_gmt":"2015-04-01T14:09:45","guid":{"rendered":"http:\/\/downloaddesign.mome.hu\/?page_id=13"},"modified":"2015-04-14T20:10:35","modified_gmt":"2015-04-14T20:10:35","slug":"impresszum","status":"publish","type":"page","link":"https:\/\/downloaddesign.hu\/2015\/impresszum\/","title":{"rendered":"impresszum"},"content":{"rendered":"<h1>impresszum<\/h1>\n<p>Felel\u0151s kiad\u00f3:<em> F\u00fcl\u00f6p J\u00f3zsef,<\/em> DLA, rektor, Moholy-Nagy M\u0171v\u00e9szeti Egyetem (MOME)<\/p>\n<p>Download Design projektvezet\u0151: <em>Halasi Rita M\u00e1ria,<\/em> rektori megb\u00edzott (MOME)<\/p>\n<p>Grafikusok: <em>Boromissza Katalin, Cs\u00e1sz\u00e1r Adrienn<\/em> (MOME hallgat\u00f3k)<\/p>\n<p>Grafikusok t\u00e9mavezet\u0151 tan\u00e1ra: <em>Hegyi B\u00e9la<\/em> (MOME)<\/p>\n<p>Website programoz\u00e1s: <em>S\u00e1rk\u00f6zi P\u00e9ter<\/em><\/p>\n<p>Bet\u0171t\u00edpus: <em>Katyi \u00c1d\u00e1m:<\/em> Menoe Grotesque Standard (Hungarumlaut)<\/p>\n<p>Angol ford\u00edt\u00e1s: <em>Wolf Csaba<\/em><\/p>\n<p>N\u00e9met ford\u00edt\u00e1s: <em> B. Szab\u00f3 K\u00e1roly<\/em><\/p>\n<p>Fot\u00f3: <em> F\u00f6v\u00e9nyi S\u00e1ndor<\/em> (MOME)<\/p>\n<p><span style=\"font-size: 12px;\">Copyright, sz\u00f6veg \u00e9s design, 2015, MOME<\/span><br \/>\n<span style=\"font-size: 12px;\"> Minden jog fenntartva!<\/span><\/p>\n<p><a href=\"http:\/\/downloaddesign.mome.hu\/wp-content\/uploads\/2015\/04\/mome_cmyk1.png\"><img loading=\"lazy\" class=\"alignleft size-full wp-image-18\" src=\"http:\/\/downloaddesign.mome.hu\/wp-content\/uploads\/2015\/04\/mome_cmyk1.png\" alt=\"mome logo\" width=\"118\" height=\"28\" \/><\/a><\/p>\n","protected":false},"excerpt":{"rendered":"<p>impresszum Felel\u0151s kiad\u00f3: F\u00fcl\u00f6p J\u00f3zsef, DLA, rektor, Moholy-Nagy M\u0171v\u00e9szeti Egyetem (MOME) Download Design projektvezet\u0151: Halasi Rita M\u00e1ria, rektori megb\u00edzott (MOME) Grafikusok: Boromissza Katalin, Cs\u00e1sz\u00e1r Adrienn (MOME hallgat\u00f3k) Grafikusok t\u00e9mavezet\u0151 tan\u00e1ra: Hegyi B\u00e9la (MOME) Website programoz\u00e1s: S\u00e1rk\u00f6zi P\u00e9ter Bet\u0171t\u00edpus: Katyi \u00c1d\u00e1m: Menoe Grotesque Standard (Hungarumlaut) Angol ford\u00edt\u00e1s: Wolf Csaba N\u00e9met ford\u00edt\u00e1s: B. Szab\u00f3 K\u00e1roly Fot\u00f3: F\u00f6v\u00e9nyi [&hellip;]<\/p>\n","protected":false},"author":1,"featured_media":0,"parent":0,"menu_order":0,"comment_status":"closed","ping_status":"closed","template":"","meta":[],"_links":{"self":[{"href":"https:\/\/downloaddesign.hu\/2015\/wp-json\/wp\/v2\/pages\/13"}],"collection":[{"href":"https:\/\/downloaddesign.hu\/2015\/wp-json\/wp\/v2\/pages"}],"about":[{"href":"https:\/\/downloaddesign.hu\/2015\/wp-json\/wp\/v2\/types\/page"}],"author":[{"embeddable":true,"href":"https:\/\/downloaddesign.hu\/2015\/wp-json\/wp\/v2\/users\/1"}],"replies":[{"embeddable":true,"href":"https:\/\/downloaddesign.hu\/2015\/wp-json\/wp\/v2\/comments?post=13"}],"version-history":[{"count":12,"href":"https:\/\/downloaddesign.hu\/2015\/wp-json\/wp\/v2\/pages\/13\/revisions"}],"predecessor-version":[{"id":2470,"href":"https:\/\/downloaddesign.hu\/2015\/wp-json\/wp\/v2\/pages\/13\/revisions\/2470"}],"wp:attachment":[{"href":"https:\/\/downloaddesign.hu\/2015\/wp-json\/wp\/v2\/media?parent=13"}],"curies":[{"name":"wp","href":"https:\/\/api.w.org\/{rel}","templated":true}]}}